{"id":781,"date":"2025-01-14T19:54:28","date_gmt":"2025-01-14T19:54:28","guid":{"rendered":"https:\/\/trajesmotorizados.com\/?post_type=product&#038;p=781"},"modified":"2026-04-17T17:30:57","modified_gmt":"2026-04-17T17:30:57","slug":"traje-antifriccion-para-motociclista-normativa-supervigilancia-htr600","status":"publish","type":"product","link":"https:\/\/trajesmotorizados.com\/index.php\/producto\/traje-antifriccion-para-motociclista-normativa-supervigilancia-htr600\/","title":{"rendered":"Traje antifricci\u00f3n para motociclista Norma Supervigilancia &#8211; HTR 600"},"content":{"rendered":"<p><strong>Caracter\u00edsticas del producto<\/strong><\/p>\n<p><strong>Chaqueta<\/strong><\/p>\n<ul>\n<li>Material exterior: Lona antifricci\u00f3n HTR 600 de alta resistencia<\/li>\n<li>Forro interno en tafeta<\/li>\n<li>Solapa frontal con broches<\/li>\n<li>Acolchada en guata de 8 mm<\/li>\n<li>Protecciones fijas en espalda, codos y hombros<\/li>\n<li>Reflectivas reglamentarias de tr\u00e1nsito<\/li>\n<li>Almacenamiento: 1 porta radio + 3 bolsillos<\/li>\n<li>C\u00e1maras de ventilaci\u00f3n (2) en espalda<\/li>\n<li>Pu\u00f1os con cierre en broche y cremallera<\/li>\n<li>Velcro ajustable en los costados (parte inferior)<\/li>\n<li>Broches inoxidables<\/li>\n<\/ul>\n<p><strong>Pantal\u00f3n<\/strong><\/p>\n<ul>\n<li>Material exterior: Lona antifricci\u00f3n de alta resistencia<\/li>\n<li>Forro interno en tafeta<\/li>\n<li>protecciones fijas en rodillas<\/li>\n<li>Reflectivas reglamentarias de tr\u00e1nsito<\/li>\n<li>Almacenamiento: 4 bolsillos<\/li>\n<li>Broches inoxidables<\/li>\n<li>Ajuste en bota con broche y cremallera<\/li>\n<\/ul>\n<p>El traje de protecci\u00f3n para motociclistas ha sido dise\u00f1ado para ofrecer seguridad, comodidad y funcionalidad en cada recorrido. Fabricado con lona antifricci\u00f3n HTR 600 de alta resistencia, este conjunto garantiza una alta resistencia al desgaste y a la abrasi\u00f3n, protegiendo al motociclista en caso de ca\u00eddas o accidentes.<\/p>\n<p><strong>Uso recomendado<\/strong><\/p>\n<p>\u2022 Personal de reparto o log\u00edstica en motocicleta<br \/>\n\u2022 Cuerpos de seguridad o vigilancia m\u00f3vil<br \/>\n\u2022 T\u00e9cnicos o inspectores con desplazamientos urbanos o rurales<\/p>\n<p><strong>Garant\u00eda\u00a0<\/strong><\/p>\n<p>2 meses por defectos de f\u00e1brica<\/p>\n<p><strong>Tallas<\/strong><\/p>\n<p>S-M-L-XL-XXL<\/p>\n<p>&nbsp;<\/p>\n","protected":false},"excerpt":{"rendered":"<p><strong style=\"font-size: 22px; line-height: 1.2;\">Traje <strong>antifricci\u00f3n <\/strong>para motociclista Norma Supervigilancia (HTR600)<\/strong><\/p>\n<p>Dise\u00f1ado para satisfacer las demandas diarias de mensajeros, supervisores y escoltas, fabricado con Lona antifricci\u00f3n HTR 600 de alta resistencia<\/p>\n","protected":false},"featured_media":1306,"template":"","meta":{"site-sidebar-layout":"default","site-content-layout":"","ast-site-content-layout":"default","site-content-style":"default","site-sidebar-style":"default","ast-global-header-display":"","ast-banner-title-visibility":"","ast-main-header-display":"","ast-hfb-above-header-display":"","ast-hfb-below-header-display":"","ast-hfb-mobile-header-display":"","site-post-title":"","ast-breadcrumbs-content":"","ast-featured-img":"","footer-sml-layout":"","theme-transparent-header-meta":"default","adv-header-id-meta":"","stick-header-meta":"","header-above-stick-meta":"","header-main-stick-meta":"","header-below-stick-meta":"","astra-migrate-meta-layouts":"set","ast-page-background-enabled":"default","ast-page-background-meta":{"desktop":{"background-color":"var(--ast-global-color-4)","background-image":"","background-repeat":"repeat","background-position":"center center","background-size":"auto","background-attachment":"scroll","background-type":"","background-media":"","overlay-type":"","overlay-color":"","overlay-opacity":"","overlay-gradient":""},"tablet":{"background-color":"","background-image":"","background-repeat":"repeat","background-position":"center center","background-size":"auto","background-attachment":"scroll","background-type":"","background-media":"","overlay-type":"","overlay-color":"","overlay-opacity":"","overlay-gradient":""},"mobile":{"background-color":"","background-image":"","background-repeat":"repeat","background-position":"center center","background-size":"auto","background-attachment":"scroll","background-type":"","background-media":"","overlay-type":"","overlay-color":"","overlay-opacity":"","overlay-gradient":""}},"ast-content-background-meta":{"desktop":{"background-color":"var(--ast-global-color-5)","background-image":"","background-repeat":"repeat","background-position":"center center","background-size":"auto","background-attachment":"scroll","background-type":"","background-media":"","overlay-type":"","overlay-color":"","overlay-opacity":"","overlay-gradient":""},"tablet":{"background-color":"var(--ast-global-color-5)","background-image":"","background-repeat":"repeat","background-position":"center center","background-size":"auto","background-attachment":"scroll","background-type":"","background-media":"","overlay-type":"","overlay-color":"","overlay-opacity":"","overlay-gradient":""},"mobile":{"background-color":"var(--ast-global-color-5)","background-image":"","background-repeat":"repeat","background-position":"center center","background-size":"auto","background-attachment":"scroll","background-type":"","background-media":"","overlay-type":"","overlay-color":"","overlay-opacity":"","overlay-gradient":""}},"_joinchat":[]},"product_brand":[],"product_cat":[15],"product_tag":[30],"class_list":{"0":"post-781","1":"product","2":"type-product","3":"status-publish","4":"has-post-thumbnail","6":"product_cat-trajes-antifriccion","7":"product_tag-trajes-antifriccion-para-motociclista","8":"desktop-align-left","9":"tablet-align-left","10":"mobile-align-left","12":"first","13":"instock","14":"shipping-taxable","15":"product-type-simple"},"_links":{"self":[{"href":"https:\/\/trajesmotorizados.com\/index.php\/wp-json\/wp\/v2\/product\/781","targetHints":{"allow":["GET"]}}],"collection":[{"href":"https:\/\/trajesmotorizados.com\/index.php\/wp-json\/wp\/v2\/product"}],"about":[{"href":"https:\/\/trajesmotorizados.com\/index.php\/wp-json\/wp\/v2\/types\/product"}],"wp:featuredmedia":[{"embeddable":true,"href":"https:\/\/trajesmotorizados.com\/index.php\/wp-json\/wp\/v2\/media\/1306"}],"wp:attachment":[{"href":"https:\/\/trajesmotorizados.com\/index.php\/wp-json\/wp\/v2\/media?parent=781"}],"wp:term":[{"taxonomy":"product_brand","embeddable":true,"href":"https:\/\/trajesmotorizados.com\/index.php\/wp-json\/wp\/v2\/product_brand?post=781"},{"taxonomy":"product_cat","embeddable":true,"href":"https:\/\/trajesmotorizados.com\/index.php\/wp-json\/wp\/v2\/product_cat?post=781"},{"taxonomy":"product_tag","embeddable":true,"href":"https:\/\/trajesmotorizados.com\/index.php\/wp-json\/wp\/v2\/product_tag?post=781"}],"curies":[{"name":"wp","href":"https:\/\/api.w.org\/{rel}","templated":true}]}}