{"id":810,"date":"2025-02-25T19:06:29","date_gmt":"2025-02-25T19:06:29","guid":{"rendered":"https:\/\/trajesmotorizados.com\/?post_type=product&#038;p=810"},"modified":"2026-02-02T16:00:07","modified_gmt":"2026-02-02T16:00:07","slug":"traje-antifriccion-para-motociclista-clima-calido","status":"publish","type":"product","link":"https:\/\/trajesmotorizados.com\/index.php\/producto\/traje-antifriccion-para-motociclista-clima-calido\/","title":{"rendered":"Traje antifricci\u00f3n para motociclista &#8211; Clima c\u00e1lido"},"content":{"rendered":"<p><strong>Caracter\u00edsticas del producto<\/strong><\/p>\n<p><strong>Chaqueta<\/strong><\/p>\n<ul>\n<li>Material exterior: Lona antifricci\u00f3n HTR 600 combinada con malla en poli\u00e9ster (ideal para climas c\u00e1lidos)<\/li>\n<li>Malla respirable (interior)<\/li>\n<li>Protecciones fijas en espalda, codos y hombros<\/li>\n<li>Reflectivas reglamentarias en pecho, espalda y brazos<\/li>\n<li>Bolsillos internos y externos (6)<\/li>\n<li>Broches met\u00e1licos inoxidables<\/li>\n<li>Velcro ajustable en los costados (parte inferior)<\/li>\n<li>C\u00e1maras de ventilaci\u00f3n (2) en espalda<\/li>\n<li>Pu\u00f1os con cierre en broche y cremallera.<\/li>\n<\/ul>\n<p><strong>Pantal\u00f3n<\/strong><\/p>\n<ul>\n<li>Material exterior: Lona antifricci\u00f3n HTR 600<\/li>\n<li>Forro interno en malla transpirable<\/li>\n<li>Protecciones fijas en rodillas<\/li>\n<li>Reflectivas reglamentarias de tr\u00e1nsito<\/li>\n<li>Almacenamiento: 6 bolsillos<\/li>\n<li>Broches inoxidables<\/li>\n<li>Ajuste en bota con broche y cremallera<\/li>\n<\/ul>\n<p><strong>Beneficios del Traje Antifricci\u00f3n HTR 600<\/strong><\/p>\n<p>\u2705 Protecci\u00f3n reforzada: Materiales resistentes que minimizan el impacto en caso de ca\u00edda.<br \/>\n\u2705 Alta visibilidad: Reflectivos reglamentarios para mayor seguridad en la carretera.<br \/>\n\u2705 Durabilidad y resistencia: Materiales dise\u00f1ados para uso intensivo y condiciones adversas.<br \/>\n\u2705 Movilidad \u00f3ptima: Dise\u00f1o ergon\u00f3mico que permite libertad de movimiento.<\/p>\n<p><strong>Uso recomendado<\/strong><\/p>\n<p>\u2705Ideal para motociclistas urbanos, de carretera y viajeros que buscan m\u00e1xima seguridad y confort en cl\u00edmas c\u00e1lidos o templados<br \/>\n\u2705 Conducci\u00f3n nocturna: Los elementos reflectivos mejoran la visibilidad.<\/p>\n<p><strong>Tallas<\/strong><\/p>\n<p>S-M-L-XL-XXL<\/p>\n<p><strong>Garant\u00eda<\/strong><\/p>\n<p>60 d\u00edas sobre costuras y cremalleras<\/p>\n","protected":false},"excerpt":{"rendered":"<p><strong style=\"font-size: 22px; line-height: 1.2;\">Traje <strong>antifricci\u00f3n <\/strong> para motociclista Clima c\u00e1lido<br \/>\n<\/strong><\/p>\n<p>Conduce con estilo, seguridad y frescura. Este traje combina protecci\u00f3n integral con m\u00e1xima ventilaci\u00f3n para los d\u00edas m\u00e1s calurosos. Su chaqueta y pantal\u00f3n cuentan con protecciones fijas, detalles reflectivos reglamentarios y m\u00faltiples bolsillos que te brindan comodidad y funcionalidad en cada recorrido.<\/p>\n<p>&nbsp;<\/p>\n","protected":false},"featured_media":1304,"template":"","meta":{"site-sidebar-layout":"default","site-content-layout":"","ast-site-content-layout":"default","site-content-style":"default","site-sidebar-style":"default","ast-global-header-display":"","ast-banner-title-visibility":"","ast-main-header-display":"","ast-hfb-above-header-display":"","ast-hfb-below-header-display":"","ast-hfb-mobile-header-display":"","site-post-title":"","ast-breadcrumbs-content":"","ast-featured-img":"","footer-sml-layout":"","theme-transparent-header-meta":"default","adv-header-id-meta":"","stick-header-meta":"","header-above-stick-meta":"","header-main-stick-meta":"","header-below-stick-meta":"","astra-migrate-meta-layouts":"set","ast-page-background-enabled":"default","ast-page-background-meta":{"desktop":{"background-color":"var(--ast-global-color-4)","background-image":"","background-repeat":"repeat","background-position":"center center","background-size":"auto","background-attachment":"scroll","background-type":"","background-media":"","overlay-type":"","overlay-color":"","overlay-opacity":"","overlay-gradient":""},"tablet":{"background-color":"","background-image":"","background-repeat":"repeat","background-position":"center center","background-size":"auto","background-attachment":"scroll","background-type":"","background-media":"","overlay-type":"","overlay-color":"","overlay-opacity":"","overlay-gradient":""},"mobile":{"background-color":"","background-image":"","background-repeat":"repeat","background-position":"center center","background-size":"auto","background-attachment":"scroll","background-type":"","background-media":"","overlay-type":"","overlay-color":"","overlay-opacity":"","overlay-gradient":""}},"ast-content-background-meta":{"desktop":{"background-color":"var(--ast-global-color-5)","background-image":"","background-repeat":"repeat","background-position":"center center","background-size":"auto","background-attachment":"scroll","background-type":"","background-media":"","overlay-type":"","overlay-color":"","overlay-opacity":"","overlay-gradient":""},"tablet":{"background-color":"var(--ast-global-color-5)","background-image":"","background-repeat":"repeat","background-position":"center center","background-size":"auto","background-attachment":"scroll","background-type":"","background-media":"","overlay-type":"","overlay-color":"","overlay-opacity":"","overlay-gradient":""},"mobile":{"background-color":"var(--ast-global-color-5)","background-image":"","background-repeat":"repeat","background-position":"center center","background-size":"auto","background-attachment":"scroll","background-type":"","background-media":"","overlay-type":"","overlay-color":"","overlay-opacity":"","overlay-gradient":""}},"_joinchat":[]},"product_brand":[],"product_cat":[15],"product_tag":[],"class_list":{"0":"post-810","1":"product","2":"type-product","3":"status-publish","4":"has-post-thumbnail","6":"product_cat-trajes-antifriccion","7":"desktop-align-left","8":"tablet-align-left","9":"mobile-align-left","11":"first","12":"instock","13":"shipping-taxable","14":"product-type-simple"},"_links":{"self":[{"href":"https:\/\/trajesmotorizados.com\/index.php\/wp-json\/wp\/v2\/product\/810","targetHints":{"allow":["GET"]}}],"collection":[{"href":"https:\/\/trajesmotorizados.com\/index.php\/wp-json\/wp\/v2\/product"}],"about":[{"href":"https:\/\/trajesmotorizados.com\/index.php\/wp-json\/wp\/v2\/types\/product"}],"wp:featuredmedia":[{"embeddable":true,"href":"https:\/\/trajesmotorizados.com\/index.php\/wp-json\/wp\/v2\/media\/1304"}],"wp:attachment":[{"href":"https:\/\/trajesmotorizados.com\/index.php\/wp-json\/wp\/v2\/media?parent=810"}],"wp:term":[{"taxonomy":"product_brand","embeddable":true,"href":"https:\/\/trajesmotorizados.com\/index.php\/wp-json\/wp\/v2\/product_brand?post=810"},{"taxonomy":"product_cat","embeddable":true,"href":"https:\/\/trajesmotorizados.com\/index.php\/wp-json\/wp\/v2\/product_cat?post=810"},{"taxonomy":"product_tag","embeddable":true,"href":"https:\/\/trajesmotorizados.com\/index.php\/wp-json\/wp\/v2\/product_tag?post=810"}],"curies":[{"name":"wp","href":"https:\/\/api.w.org\/{rel}","templated":true}]}}